{"id":53,"date":"2023-11-19T19:59:38","date_gmt":"2023-11-19T18:59:38","guid":{"rendered":"http:\/\/192.168.0.90\/wordpress\/?page_id=53"},"modified":"2023-11-20T11:56:19","modified_gmt":"2023-11-20T10:56:19","slug":"angebote","status":"publish","type":"page","link":"https:\/\/www.rosariothealpaca.at\/wordpress\/angebote\/","title":{"rendered":"<strong>Alpakawanderungen<\/strong>"},"content":{"rendered":"\n<p><strong>Alpakas sind au\u00dfergew\u00f6hnliche Wegbegleiter. Sie spiegeln das wider, wie du ihnen gegen\u00fcbertrittst und dich verh\u00e4ltst.<\/strong><\/p>\n\n\n\n<p>Mit Ruhe und Geduld wirst du viel Freude haben. Stress und Hektik m\u00f6gen die Tierchen \u00fcberhaupt nicht und das werden sie dir auch ganz schnell zeigen.<\/p>\n\n\n\n<p><strong>Seid ihr bereit?<\/strong><\/p>\n\n\n\n<p>Unsere gutm\u00fctigen Alpakas haben eine entschleunigende Wirkung. Jeden Mittwoch und Freitag bieten wir (bei ausreichender Teilnehmerzahl) ein einzigartiges Erlebnis f\u00fcr alle Alpakafreunde:<\/p>\n\n\n\n<p>Eine kleine aber feine Wanderung mit unseren Alpakas.<\/p>\n\n\n\n<p>Durch die Bewegung an der frischen Luft inmitten herrlicher Natur aktivieren wir unseren K\u00f6rper und entspannen uns vom stressigen Alltag. Durch die Begleitung unserer liebevollen Fellnasen mit ihren zauberhaften Kulleraugen gelingt es uns besser auf das HIER und JETZT zu konzentrieren.<\/p>\n\n\n\n<p>Wir legen sehr viel Wert auf Ruhe und Entspannung. Es gibt bei uns die M\u00f6glichkeit- unsere Tiere in netter Atmosph\u00e4re n\u00e4her kennenzulernen.<\/p>\n\n\n\n<p>Flauschige und entschleunigende Momente erwarten euch bei uns.<\/p>\n\n\n\n<p><strong>Wanderung \/ Dauer:<\/strong><\/p>\n\n\n\n<p>Ca. 1,5 bis 2 Stunden je nach gew\u00e4hlter Route. Wir empfehlen festes Schuhwerk.<\/p>\n\n\n\n<p><strong>Teilnehmer:<\/strong><\/p>\n\n\n\n<p>2 bis 4 Personen<\/p>\n\n\n\n<p><strong>Preis:<\/strong><\/p>\n\n\n\n<p>Kosten pro Teilnehmer mit Alpaka: 30 Euro<\/p>\n\n\n\n<p>Kosten pro Teilnehmer ohne Alpaka: 20 Euro<\/p>\n\n\n\n<p><strong>Der Preis beinhaltet:<\/strong><\/p>\n\n\n\n<p>ein Getr\u00e4nk \/ spezielles Futter f\u00fcr die Tiere<\/p>\n\n\n\n<p><strong>Wetter:<\/strong><\/p>\n\n\n\n<p>Wir behalten uns vor bei Sturm, starken Regen oder extremer Hitze die Wanderung zu verschieben.<\/p>\n\n\n\n<p><strong>Wichtiges:<\/strong><\/p>\n\n\n\n<p>Hunde sind nicht erlaubt.<\/p>\n\n\n\n<p><strong>Ablauf einer Wandertour:<\/strong><\/p>\n\n\n\n<p>Am Anfang jeder Wandertour gibt es eine kurze Einf\u00fchrung mit Informationen \u00fcber die Alpakas. Ihr lernt, wie ihr ein Alpaka zu f\u00fchren habt und worauf ihr besonders achten m\u00fcsst. Anschlie\u00dfend darf sich jeder ein Alpaka aussuchen und sich mit seinem Tier vertraut machen.<\/p>\n\n\n\n<p>Fragen rund um die Haltung von Alpakas werden gerne beantwortet. Die Wanderung findet bei einem Getr\u00e4nk einen gem\u00fctlichen Ausklang.<\/p>\n\n\n\n<figure class=\"wp-block-image size-large\"><img decoding=\"async\" loading=\"lazy\" width=\"768\" height=\"1024\" src=\"http:\/\/192.168.0.90\/wordpress\/wp-content\/uploads\/2023\/11\/IMG_5354-768x1024.jpg\" alt=\"\" class=\"wp-image-185\" srcset=\"https:\/\/www.rosariothealpaca.at\/wordpress\/wp-content\/uploads\/2023\/11\/IMG_5354-768x1024.jpg 768w, https:\/\/www.rosariothealpaca.at\/wordpress\/wp-content\/uploads\/2023\/11\/IMG_5354-225x300.jpg 225w, https:\/\/www.rosariothealpaca.at\/wordpress\/wp-content\/uploads\/2023\/11\/IMG_5354-1152x1536.jpg 1152w, https:\/\/www.rosariothealpaca.at\/wordpress\/wp-content\/uploads\/2023\/11\/IMG_5354-1536x2048.jpg 1536w, https:\/\/www.rosariothealpaca.at\/wordpress\/wp-content\/uploads\/2023\/11\/IMG_5354-scaled.jpg 1920w\" sizes=\"(max-width: 768px) 100vw, 768px\" \/><\/figure>\n","protected":false},"excerpt":{"rendered":"<p>Alpakas sind au\u00dfergew\u00f6hnliche Wegbegleiter. Sie spiegeln das wider, wie du ihnen gegen\u00fcbertrittst und dich verh\u00e4ltst. Mit Ruhe und Geduld wirst du viel Freude haben. Stress &hellip;<\/p>\n","protected":false},"author":1,"featured_media":0,"parent":0,"menu_order":0,"comment_status":"closed","ping_status":"closed","template":"","meta":[],"_links":{"self":[{"href":"https:\/\/www.rosariothealpaca.at\/wordpress\/wp-json\/wp\/v2\/pages\/53"}],"collection":[{"href":"https:\/\/www.rosariothealpaca.at\/wordpress\/wp-json\/wp\/v2\/pages"}],"about":[{"href":"https:\/\/www.rosariothealpaca.at\/wordpress\/wp-json\/wp\/v2\/types\/page"}],"author":[{"embeddable":true,"href":"https:\/\/www.rosariothealpaca.at\/wordpress\/wp-json\/wp\/v2\/users\/1"}],"replies":[{"embeddable":true,"href":"https:\/\/www.rosariothealpaca.at\/wordpress\/wp-json\/wp\/v2\/comments?post=53"}],"version-history":[{"count":9,"href":"https:\/\/www.rosariothealpaca.at\/wordpress\/wp-json\/wp\/v2\/pages\/53\/revisions"}],"predecessor-version":[{"id":231,"href":"https:\/\/www.rosariothealpaca.at\/wordpress\/wp-json\/wp\/v2\/pages\/53\/revisions\/231"}],"wp:attachment":[{"href":"https:\/\/www.rosariothealpaca.at\/wordpress\/wp-json\/wp\/v2\/media?parent=53"}],"curies":[{"name":"wp","href":"https:\/\/api.w.org\/{rel}","templated":true}]}}