{"id":50,"date":"2023-11-19T19:55:27","date_gmt":"2023-11-19T18:55:27","guid":{"rendered":"http:\/\/192.168.0.90\/wordpress\/?page_id=50"},"modified":"2023-11-20T11:04:22","modified_gmt":"2023-11-20T10:04:22","slug":"ueber-uns","status":"publish","type":"page","link":"https:\/\/www.rosariothealpaca.at\/wordpress\/ueber-uns\/","title":{"rendered":"\u00dcber uns"},"content":{"rendered":"\n<p>Herzlich Willkommen \u2013 Gria\u00df eich!<\/p>\n\n\n\n<p><strong>about us:<\/strong><\/p>\n\n\n\n<p>Nach einer wundersch\u00f6nen Alpaka Wanderung in S\u00fcdtirol war es um uns bzw. um mich geschehen. Es hei\u00dft ja: \u201eSchau einem Alpaka nicht zu tief in die Augen &#8211; du k\u00f6nntest dich verlieben!\u201c Genau das ist passiert. Also, nach sehr vielen Besichtigungen verschiedener Alpaka Betriebe rund um Europa, stundenlangen Recherchen und lehrreichen Schulungen sind 2016 die ersten Stuten Speedy und Kira bei uns eingezogen. Intensiv besch\u00e4ftigen wir uns seit 2018 mit der Zucht und Haltung von Alpakas.<\/p>\n\n\n\n<p>Wir sind Karin und Thomas und leben mit unseren Alpakas im M\u00fchlviertel nicht weit von Freistadt. Unser gr\u00f6\u00dftes Gl\u00fcck ist es mit diesen wunderbaren Wesen unsere Freizeit zu verbringen, mit ihnen zu spazieren, tr\u00f6deln und zu arbeiten. Zurzeit befindet sich ein Teil der Herde bei meinem Bruder am Hof. Der Rest der Bande steht bei uns in Pregarten. Ziel ist es aber, sobald wir das Grundst\u00fcck neben uns pachten d\u00fcrfen, die ganze Herde bei uns zu haben. Ich freue mich schon darauf.<\/p>\n\n\n\n<p><\/p>\n\n\n\n<p>Wir sind der Meinung: Der einzige Weg gro\u00dfartige Arbeit zu leisten, ist zu lieben, was man tut.<\/p>\n\n\n\n<figure class=\"wp-block-image size-large\"><img decoding=\"async\" loading=\"lazy\" width=\"768\" height=\"1024\" src=\"http:\/\/192.168.0.90\/wordpress\/wp-content\/uploads\/2023\/11\/IMG_5428-768x1024.jpg\" alt=\"\" class=\"wp-image-187\" srcset=\"https:\/\/www.rosariothealpaca.at\/wordpress\/wp-content\/uploads\/2023\/11\/IMG_5428-768x1024.jpg 768w, https:\/\/www.rosariothealpaca.at\/wordpress\/wp-content\/uploads\/2023\/11\/IMG_5428-225x300.jpg 225w, https:\/\/www.rosariothealpaca.at\/wordpress\/wp-content\/uploads\/2023\/11\/IMG_5428-1152x1536.jpg 1152w, https:\/\/www.rosariothealpaca.at\/wordpress\/wp-content\/uploads\/2023\/11\/IMG_5428-1536x2048.jpg 1536w, https:\/\/www.rosariothealpaca.at\/wordpress\/wp-content\/uploads\/2023\/11\/IMG_5428-scaled.jpg 1920w\" sizes=\"(max-width: 768px) 100vw, 768px\" \/><\/figure>\n\n\n\n<h2><strong>Warum begeistern uns die Alpakas?<\/strong><\/h2>\n\n\n\n<p>Alpakas sind ausgeglichene und \u00e4u\u00dferst ruhige Tiere. Sie haben eine flauschige Wolle und einen tollen Charakter. Jedes der Tiere ist einzigartig. Unsere Fellnasen strahlen eine einzigartige Ruhe aus, welche sich auf den Menschen \u00fcbertr\u00e4gt. Nat\u00fcrlich muss man sich aber auch darauf einlassen. Alpakas spiegeln einem sehr gut wider. Bist du nerv\u00f6s und hektisch sowie ungeduldig wird es das Alpaka auch sein. Alpakas verst\u00e4ndigen sich durch summen, sie sind zur\u00fcckhaltend, aber auch sehr neugierig. Immer wieder bin ich fasziniert von ihrem gutm\u00fctigen und freundlichen Wesen. Unsere flauschigen Wesen schenken uns W\u00e4rme, Zuversicht und Lebensfreude. Eine Begegnung mit einem s\u00fc\u00dfen Alpaka wird dein Herz ber\u00fchren.<\/p>\n\n\n\n<p>Alpakas sind sehr vielseitig, sie sind sehr gute Freizeitbegleiter und &#8222;Seelentr\u00f6ster&#8220;, Therapietiere, Woll-Lieferanten, Rasenm\u00e4her (sie sind Schwielensohler und zerst\u00f6ren den Boden nicht), D\u00fcngerlieferanten.<\/p>\n\n\n\n<h2><\/h2>\n\n\n\n\n\n<figure class=\"wp-block-pullquote\"><blockquote><p><\/p><\/blockquote><\/figure>\n\n\n\n<pre class=\"wp-block-preformatted\"><\/pre>\n\n\n\n<h2><\/h2>\n","protected":false},"excerpt":{"rendered":"<p>Herzlich Willkommen \u2013 Gria\u00df eich! about us: Nach einer wundersch\u00f6nen Alpaka Wanderung in S\u00fcdtirol war es um uns bzw. um mich geschehen. Es hei\u00dft ja: &hellip;<\/p>\n","protected":false},"author":1,"featured_media":0,"parent":0,"menu_order":0,"comment_status":"closed","ping_status":"closed","template":"","meta":[],"_links":{"self":[{"href":"https:\/\/www.rosariothealpaca.at\/wordpress\/wp-json\/wp\/v2\/pages\/50"}],"collection":[{"href":"https:\/\/www.rosariothealpaca.at\/wordpress\/wp-json\/wp\/v2\/pages"}],"about":[{"href":"https:\/\/www.rosariothealpaca.at\/wordpress\/wp-json\/wp\/v2\/types\/page"}],"author":[{"embeddable":true,"href":"https:\/\/www.rosariothealpaca.at\/wordpress\/wp-json\/wp\/v2\/users\/1"}],"replies":[{"embeddable":true,"href":"https:\/\/www.rosariothealpaca.at\/wordpress\/wp-json\/wp\/v2\/comments?post=50"}],"version-history":[{"count":5,"href":"https:\/\/www.rosariothealpaca.at\/wordpress\/wp-json\/wp\/v2\/pages\/50\/revisions"}],"predecessor-version":[{"id":192,"href":"https:\/\/www.rosariothealpaca.at\/wordpress\/wp-json\/wp\/v2\/pages\/50\/revisions\/192"}],"wp:attachment":[{"href":"https:\/\/www.rosariothealpaca.at\/wordpress\/wp-json\/wp\/v2\/media?parent=50"}],"curies":[{"name":"wp","href":"https:\/\/api.w.org\/{rel}","templated":true}]}}