{"id":45,"date":"2023-11-19T19:52:24","date_gmt":"2023-11-19T18:52:24","guid":{"rendered":"http:\/\/192.168.0.90\/wordpress\/?page_id=45"},"modified":"2023-11-20T01:47:17","modified_gmt":"2023-11-20T00:47:17","slug":"unsere-alpakas","status":"publish","type":"page","link":"https:\/\/www.rosariothealpaca.at\/wordpress\/unsere-alpakas\/","title":{"rendered":"Unsere Alpakas"},"content":{"rendered":"\n<h2>ROSARIO<\/h2>\n\n\n\n<p>Rosario wurde am 29.08.2016 bei einem Alpaka Z\u00fcchter in der N\u00e4he vom Traunsee geboren. Er ist der Chef unter den Tieren. Seine extrem gutm\u00fctige Art und sein friedlicher Geist machen ihn zu einem Besuchermagneten. Rosario hat einen friedlichen Gesichtsausdruck und sehr gute Vlieswerte. Er hat schon viele s\u00fc\u00dfe Nachkommen gezeugt. <\/p>\n\n\n<div class=\"wp-block-image\">\n<figure class=\"aligncenter size-large\"><img decoding=\"async\" loading=\"lazy\" width=\"820\" height=\"1024\" src=\"http:\/\/192.168.0.90\/wordpress\/wp-content\/uploads\/2023\/11\/73425461_547632119315862_4028864650411389579_n-820x1024.jpg\" alt=\"\" class=\"wp-image-61\" srcset=\"https:\/\/www.rosariothealpaca.at\/wordpress\/wp-content\/uploads\/2023\/11\/73425461_547632119315862_4028864650411389579_n-820x1024.jpg 820w, https:\/\/www.rosariothealpaca.at\/wordpress\/wp-content\/uploads\/2023\/11\/73425461_547632119315862_4028864650411389579_n-240x300.jpg 240w, https:\/\/www.rosariothealpaca.at\/wordpress\/wp-content\/uploads\/2023\/11\/73425461_547632119315862_4028864650411389579_n-768x959.jpg 768w, https:\/\/www.rosariothealpaca.at\/wordpress\/wp-content\/uploads\/2023\/11\/73425461_547632119315862_4028864650411389579_n-1229x1536.jpg 1229w, https:\/\/www.rosariothealpaca.at\/wordpress\/wp-content\/uploads\/2023\/11\/73425461_547632119315862_4028864650411389579_n-1140x1424.jpg 1140w, https:\/\/www.rosariothealpaca.at\/wordpress\/wp-content\/uploads\/2023\/11\/73425461_547632119315862_4028864650411389579_n.jpg 1440w\" sizes=\"(max-width: 820px) 100vw, 820px\" \/><\/figure><\/div>\n\n\n<h2>SPEEDY<\/h2>\n\n\n\n<p>Die liebenswerte, mittelbraune Stute wurde am 24.05.2015 geboren. Sie ist eine sehr f\u00fcrsorgliche, liebensw\u00fcrdige &#8222;Mama&#8220;. Speedy schenkte schon einige gesunden Crias das Leben. Sie zeichnet sich besonders durch extreme Geduld und Einf\u00fchlungsverm\u00f6gen aus.<\/p>\n\n\n\n<figure class=\"wp-block-image size-full\"><img decoding=\"async\" loading=\"lazy\" width=\"1200\" height=\"1600\" src=\"http:\/\/192.168.0.90\/wordpress\/wp-content\/uploads\/2023\/11\/10ecfd6b-b655-47ea-94ef-f7ef2b052aed.jpg\" alt=\"\" class=\"wp-image-130\" srcset=\"https:\/\/www.rosariothealpaca.at\/wordpress\/wp-content\/uploads\/2023\/11\/10ecfd6b-b655-47ea-94ef-f7ef2b052aed.jpg 1200w, https:\/\/www.rosariothealpaca.at\/wordpress\/wp-content\/uploads\/2023\/11\/10ecfd6b-b655-47ea-94ef-f7ef2b052aed-225x300.jpg 225w, https:\/\/www.rosariothealpaca.at\/wordpress\/wp-content\/uploads\/2023\/11\/10ecfd6b-b655-47ea-94ef-f7ef2b052aed-768x1024.jpg 768w, https:\/\/www.rosariothealpaca.at\/wordpress\/wp-content\/uploads\/2023\/11\/10ecfd6b-b655-47ea-94ef-f7ef2b052aed-1152x1536.jpg 1152w\" sizes=\"(max-width: 1200px) 100vw, 1200px\" \/><\/figure>\n\n\n\n<h2>KIRA<\/h2>\n\n\n\n<p>Die Stute Kira wurde am 03.06.2016 geboren. Kira zog circa ein Jahr sp\u00e4ter bei uns ein. Sie genie\u00dft die Ruhe im Stall und auf der Weide und liebt die Gesellschaft von Speedy. Kira schenkte uns ebenso schon einige entz\u00fcckende Alpaka Babys.<\/p>\n\n\n\n<figure class=\"wp-block-image size-full\"><img decoding=\"async\" loading=\"lazy\" width=\"959\" height=\"641\" src=\"http:\/\/192.168.0.90\/wordpress\/wp-content\/uploads\/2023\/11\/145979409_873287946754595_7719411801497118145_n.jpg\" alt=\"\" class=\"wp-image-135\" srcset=\"https:\/\/www.rosariothealpaca.at\/wordpress\/wp-content\/uploads\/2023\/11\/145979409_873287946754595_7719411801497118145_n.jpg 959w, https:\/\/www.rosariothealpaca.at\/wordpress\/wp-content\/uploads\/2023\/11\/145979409_873287946754595_7719411801497118145_n-300x201.jpg 300w, https:\/\/www.rosariothealpaca.at\/wordpress\/wp-content\/uploads\/2023\/11\/145979409_873287946754595_7719411801497118145_n-768x513.jpg 768w, https:\/\/www.rosariothealpaca.at\/wordpress\/wp-content\/uploads\/2023\/11\/145979409_873287946754595_7719411801497118145_n-449x300.jpg 449w\" sizes=\"(max-width: 959px) 100vw, 959px\" \/><\/figure>\n\n\n\n<h2>FABIO<\/h2>\n\n\n\n<p>Voller Freude d\u00fcrfen wir nun unseren erstgeborenen Hengst vorstellen. Fabio wurde 2019 bei uns am Hof geboren. Er ist ein sehr fr\u00f6hlicher, junger und verspielter Hengst. Fabio hat in Allerheiligen ein beh\u00fctetes zu Hause gefunden.<\/p>\n\n\n\n<figure class=\"wp-block-image size-large\"><img decoding=\"async\" loading=\"lazy\" width=\"819\" height=\"1024\" src=\"http:\/\/192.168.0.90\/wordpress\/wp-content\/uploads\/2023\/11\/69285532_177987719910104_4533101210144547791_n-819x1024.jpg\" alt=\"\" class=\"wp-image-140\" srcset=\"https:\/\/www.rosariothealpaca.at\/wordpress\/wp-content\/uploads\/2023\/11\/69285532_177987719910104_4533101210144547791_n-819x1024.jpg 819w, https:\/\/www.rosariothealpaca.at\/wordpress\/wp-content\/uploads\/2023\/11\/69285532_177987719910104_4533101210144547791_n-240x300.jpg 240w, https:\/\/www.rosariothealpaca.at\/wordpress\/wp-content\/uploads\/2023\/11\/69285532_177987719910104_4533101210144547791_n-768x960.jpg 768w, https:\/\/www.rosariothealpaca.at\/wordpress\/wp-content\/uploads\/2023\/11\/69285532_177987719910104_4533101210144547791_n-1229x1536.jpg 1229w, https:\/\/www.rosariothealpaca.at\/wordpress\/wp-content\/uploads\/2023\/11\/69285532_177987719910104_4533101210144547791_n.jpg 1440w\" sizes=\"(max-width: 819px) 100vw, 819px\" \/><\/figure>\n\n\n\n<p><\/p>\n\n\n\n<h2>FILIPPO<\/h2>\n\n\n\n<p>Der kleine, sch\u00fcchterne mittelbraune Hengst mit besonders treuherzigem Blick und extrem flauschigem Fell ist ebenso 2019 bei uns am Hof geboren. Er durfte gemeinsam mit Fabio in sein neues zu Hause umziehen.<\/p>\n\n\n\n<figure class=\"wp-block-image size-large\"><img decoding=\"async\" loading=\"lazy\" width=\"819\" height=\"1024\" src=\"http:\/\/192.168.0.90\/wordpress\/wp-content\/uploads\/2023\/11\/94071146_523451735010331_6983623234378151794_n-2-819x1024.jpg\" alt=\"\" class=\"wp-image-153\" srcset=\"https:\/\/www.rosariothealpaca.at\/wordpress\/wp-content\/uploads\/2023\/11\/94071146_523451735010331_6983623234378151794_n-2-819x1024.jpg 819w, https:\/\/www.rosariothealpaca.at\/wordpress\/wp-content\/uploads\/2023\/11\/94071146_523451735010331_6983623234378151794_n-2-240x300.jpg 240w, https:\/\/www.rosariothealpaca.at\/wordpress\/wp-content\/uploads\/2023\/11\/94071146_523451735010331_6983623234378151794_n-2-768x960.jpg 768w, https:\/\/www.rosariothealpaca.at\/wordpress\/wp-content\/uploads\/2023\/11\/94071146_523451735010331_6983623234378151794_n-2-1229x1536.jpg 1229w, https:\/\/www.rosariothealpaca.at\/wordpress\/wp-content\/uploads\/2023\/11\/94071146_523451735010331_6983623234378151794_n-2.jpg 1440w\" sizes=\"(max-width: 819px) 100vw, 819px\" \/><\/figure>\n\n\n\n<h2>LUCA<\/h2>\n\n\n\n<p>Mein Schatz Luca wurde am 16.07.2020 bei uns am Hof geboren. Er hat eine absolut liebensw\u00fcrdige Art und ist sehr gutm\u00fctig. Ich wollte immer schon einen Hengst in der Farbe light brown. Er erinnert mich immer an ein kleines Reh, das \u00fcber die Wiesen tanzt.<\/p>\n\n\n\n<figure class=\"wp-block-image size-large\"><img decoding=\"async\" loading=\"lazy\" width=\"819\" height=\"1024\" src=\"http:\/\/192.168.0.90\/wordpress\/wp-content\/uploads\/2023\/11\/110230649_284832042938676_6554828927967581785_n-819x1024.jpg\" alt=\"\" class=\"wp-image-156\" srcset=\"https:\/\/www.rosariothealpaca.at\/wordpress\/wp-content\/uploads\/2023\/11\/110230649_284832042938676_6554828927967581785_n-819x1024.jpg 819w, https:\/\/www.rosariothealpaca.at\/wordpress\/wp-content\/uploads\/2023\/11\/110230649_284832042938676_6554828927967581785_n-240x300.jpg 240w, https:\/\/www.rosariothealpaca.at\/wordpress\/wp-content\/uploads\/2023\/11\/110230649_284832042938676_6554828927967581785_n-768x960.jpg 768w, https:\/\/www.rosariothealpaca.at\/wordpress\/wp-content\/uploads\/2023\/11\/110230649_284832042938676_6554828927967581785_n-1229x1536.jpg 1229w, https:\/\/www.rosariothealpaca.at\/wordpress\/wp-content\/uploads\/2023\/11\/110230649_284832042938676_6554828927967581785_n.jpg 1440w\" sizes=\"(max-width: 819px) 100vw, 819px\" \/><\/figure>\n\n\n\n<h2>LUNA<\/h2>\n\n\n\n<p>Luna erblickte am 10.07.2020 bei uns das Licht der Welt. Lu hat ein feinf\u00fchlendes Wesen und einen zierlichen K\u00f6rperbau. Sie verbrachte viele gemeinsame, lustige Stunden mit ihrem Bruder Luca bevor sie dann in ein neues zu Hause umziehen durfte.<\/p>\n\n\n\n<figure class=\"wp-block-image size-large\"><img decoding=\"async\" loading=\"lazy\" width=\"768\" height=\"1024\" src=\"http:\/\/192.168.0.90\/wordpress\/wp-content\/uploads\/2023\/11\/Luna-1-768x1024.jpg\" alt=\"\" class=\"wp-image-160\" srcset=\"https:\/\/www.rosariothealpaca.at\/wordpress\/wp-content\/uploads\/2023\/11\/Luna-1-768x1024.jpg 768w, https:\/\/www.rosariothealpaca.at\/wordpress\/wp-content\/uploads\/2023\/11\/Luna-1-225x300.jpg 225w, https:\/\/www.rosariothealpaca.at\/wordpress\/wp-content\/uploads\/2023\/11\/Luna-1-1152x1536.jpg 1152w, https:\/\/www.rosariothealpaca.at\/wordpress\/wp-content\/uploads\/2023\/11\/Luna-1-1536x2048.jpg 1536w, https:\/\/www.rosariothealpaca.at\/wordpress\/wp-content\/uploads\/2023\/11\/Luna-1-scaled.jpg 1920w\" sizes=\"(max-width: 768px) 100vw, 768px\" \/><\/figure>\n\n\n\n<h2>LEONARDO<\/h2>\n\n\n\n<p>Der kleine Sonnenschein Leonardo ist ebenso eine Nachzucht von uns. Seine Mama Speedy und sein Papa Rosario sind ganz stolz auf den s\u00fc\u00dfen neugierigen flauschigen treuherzigen zuckers\u00fc\u00dfen Hengst.<\/p>\n\n\n\n<figure class=\"wp-block-image size-full\"><img decoding=\"async\" loading=\"lazy\" width=\"664\" height=\"870\" src=\"http:\/\/192.168.0.90\/wordpress\/wp-content\/uploads\/2023\/11\/Leonardo.png\" alt=\"\" class=\"wp-image-163\" srcset=\"https:\/\/www.rosariothealpaca.at\/wordpress\/wp-content\/uploads\/2023\/11\/Leonardo.png 664w, https:\/\/www.rosariothealpaca.at\/wordpress\/wp-content\/uploads\/2023\/11\/Leonardo-229x300.png 229w\" sizes=\"(max-width: 664px) 100vw, 664px\" \/><\/figure>\n\n\n\n<h2>LUANA<\/h2>\n\n\n\n<p>Die s\u00fc\u00dfe Luana ist die Tochter von Kira und Rosario. Luana hat eine treuherzige Art und erkundet nun die Welt auf einen anderen Bauernhof gemeinsam mit vielen Spielgef\u00e4hrtinnen.<\/p>\n\n\n\n<figure class=\"wp-block-image size-large\"><img decoding=\"async\" loading=\"lazy\" width=\"768\" height=\"1024\" src=\"http:\/\/192.168.0.90\/wordpress\/wp-content\/uploads\/2023\/11\/Luana-1-768x1024.jpg\" alt=\"\" class=\"wp-image-168\" srcset=\"https:\/\/www.rosariothealpaca.at\/wordpress\/wp-content\/uploads\/2023\/11\/Luana-1-768x1024.jpg 768w, https:\/\/www.rosariothealpaca.at\/wordpress\/wp-content\/uploads\/2023\/11\/Luana-1-225x300.jpg 225w, https:\/\/www.rosariothealpaca.at\/wordpress\/wp-content\/uploads\/2023\/11\/Luana-1-1152x1536.jpg 1152w, https:\/\/www.rosariothealpaca.at\/wordpress\/wp-content\/uploads\/2023\/11\/Luana-1-1536x2048.jpg 1536w, https:\/\/www.rosariothealpaca.at\/wordpress\/wp-content\/uploads\/2023\/11\/Luana-1-scaled.jpg 1920w\" sizes=\"(max-width: 768px) 100vw, 768px\" \/><\/figure>\n\n\n\n<p><\/p>\n\n\n\n<h2>GIOVANNI<\/h2>\n\n\n\n<p>Der kleine Frechdachs Giovanni im winterwonderland. Giovanni hat eine sehr aufgeweckte fr\u00f6hliche Art. Er h\u00e4lt uns immer mit seinem Wesen auf Trab. Giovanni sucht \u00fcbrigens ein neues zu Hause. Bei Interesse einfach melden.<\/p>\n\n\n\n<figure class=\"wp-block-image size-large\"><img decoding=\"async\" loading=\"lazy\" width=\"768\" height=\"1024\" src=\"http:\/\/192.168.0.90\/wordpress\/wp-content\/uploads\/2023\/11\/Giovanni-1-768x1024.jpg\" alt=\"\" class=\"wp-image-173\" srcset=\"https:\/\/www.rosariothealpaca.at\/wordpress\/wp-content\/uploads\/2023\/11\/Giovanni-1-768x1024.jpg 768w, https:\/\/www.rosariothealpaca.at\/wordpress\/wp-content\/uploads\/2023\/11\/Giovanni-1-225x300.jpg 225w, https:\/\/www.rosariothealpaca.at\/wordpress\/wp-content\/uploads\/2023\/11\/Giovanni-1-1152x1536.jpg 1152w, https:\/\/www.rosariothealpaca.at\/wordpress\/wp-content\/uploads\/2023\/11\/Giovanni-1-1536x2048.jpg 1536w, https:\/\/www.rosariothealpaca.at\/wordpress\/wp-content\/uploads\/2023\/11\/Giovanni-1-scaled.jpg 1920w\" sizes=\"(max-width: 768px) 100vw, 768px\" \/><\/figure>\n\n\n\n<h2>ALFREDO<\/h2>\n\n\n\n<h2><\/h2>\n\n\n\n<p>Besonders offen und neugierig schreitet Alfredo durch seine Heimat. Immer mit dabei ist sein Bruder Alessandro. Besonders gerne hebt er sein flauschiges Schw\u00e4nzchen, das war von Beginn an sein Markenzeichen. \u2013 Wir lieben es.<\/p>\n\n\n\n<figure class=\"wp-block-image size-large\"><img decoding=\"async\" loading=\"lazy\" width=\"768\" height=\"1024\" src=\"http:\/\/192.168.0.90\/wordpress\/wp-content\/uploads\/2023\/11\/Alfredo-768x1024.jpg\" alt=\"\" class=\"wp-image-183\" srcset=\"https:\/\/www.rosariothealpaca.at\/wordpress\/wp-content\/uploads\/2023\/11\/Alfredo-768x1024.jpg 768w, https:\/\/www.rosariothealpaca.at\/wordpress\/wp-content\/uploads\/2023\/11\/Alfredo-225x300.jpg 225w, https:\/\/www.rosariothealpaca.at\/wordpress\/wp-content\/uploads\/2023\/11\/Alfredo-1152x1536.jpg 1152w, https:\/\/www.rosariothealpaca.at\/wordpress\/wp-content\/uploads\/2023\/11\/Alfredo-1536x2048.jpg 1536w, https:\/\/www.rosariothealpaca.at\/wordpress\/wp-content\/uploads\/2023\/11\/Alfredo-scaled.jpg 1920w\" sizes=\"(max-width: 768px) 100vw, 768px\" \/><\/figure>\n\n\n\n<h2>ALESSANDRO<\/h2>\n\n\n\n<p>Alessandro ist im Jahr 2023 bei uns am Hof zur Welt gekommen. Unser j\u00fcngster und zugleich liebevoller, sehr sehr flauschiger und gut bewollter Hengst. Wir haben ihn sofort ins Herz geschlossen. Immer in Speedy-Mama N\u00e4he erkundet er die Erde.<\/p>\n\n\n\n<figure class=\"wp-block-image size-large\"><img decoding=\"async\" loading=\"lazy\" width=\"768\" height=\"1024\" src=\"http:\/\/192.168.0.90\/wordpress\/wp-content\/uploads\/2023\/11\/Alessandro-768x1024.jpg\" alt=\"\" class=\"wp-image-178\" srcset=\"https:\/\/www.rosariothealpaca.at\/wordpress\/wp-content\/uploads\/2023\/11\/Alessandro-768x1024.jpg 768w, https:\/\/www.rosariothealpaca.at\/wordpress\/wp-content\/uploads\/2023\/11\/Alessandro-225x300.jpg 225w, https:\/\/www.rosariothealpaca.at\/wordpress\/wp-content\/uploads\/2023\/11\/Alessandro-1152x1536.jpg 1152w, https:\/\/www.rosariothealpaca.at\/wordpress\/wp-content\/uploads\/2023\/11\/Alessandro-1536x2048.jpg 1536w, https:\/\/www.rosariothealpaca.at\/wordpress\/wp-content\/uploads\/2023\/11\/Alessandro-scaled.jpg 1920w\" sizes=\"(max-width: 768px) 100vw, 768px\" \/><\/figure>\n","protected":false},"excerpt":{"rendered":"<p>ROSARIO Rosario wurde am 29.08.2016 bei einem Alpaka Z\u00fcchter in der N\u00e4he vom Traunsee geboren. Er ist der Chef unter den Tieren. Seine extrem gutm\u00fctige &hellip;<\/p>\n","protected":false},"author":1,"featured_media":0,"parent":0,"menu_order":0,"comment_status":"closed","ping_status":"closed","template":"","meta":[],"_links":{"self":[{"href":"https:\/\/www.rosariothealpaca.at\/wordpress\/wp-json\/wp\/v2\/pages\/45"}],"collection":[{"href":"https:\/\/www.rosariothealpaca.at\/wordpress\/wp-json\/wp\/v2\/pages"}],"about":[{"href":"https:\/\/www.rosariothealpaca.at\/wordpress\/wp-json\/wp\/v2\/types\/page"}],"author":[{"embeddable":true,"href":"https:\/\/www.rosariothealpaca.at\/wordpress\/wp-json\/wp\/v2\/users\/1"}],"replies":[{"embeddable":true,"href":"https:\/\/www.rosariothealpaca.at\/wordpress\/wp-json\/wp\/v2\/comments?post=45"}],"version-history":[{"count":29,"href":"https:\/\/www.rosariothealpaca.at\/wordpress\/wp-json\/wp\/v2\/pages\/45\/revisions"}],"predecessor-version":[{"id":184,"href":"https:\/\/www.rosariothealpaca.at\/wordpress\/wp-json\/wp\/v2\/pages\/45\/revisions\/184"}],"wp:attachment":[{"href":"https:\/\/www.rosariothealpaca.at\/wordpress\/wp-json\/wp\/v2\/media?parent=45"}],"curies":[{"name":"wp","href":"https:\/\/api.w.org\/{rel}","templated":true}]}}